{"id":1843,"date":"2024-02-29T10:10:12","date_gmt":"2024-02-29T09:10:12","guid":{"rendered":"https:\/\/taxusmedioambiente.com\/?page_id=1843"},"modified":"2025-11-05T18:34:48","modified_gmt":"2025-11-05T17:34:48","slug":"parques-eolicos","status":"publish","type":"page","link":"https:\/\/taxusmedioambiente.com\/evaluacion-ambiental-biodiversidad\/parques-eolicos\/","title":{"rendered":"Parques e\u00f3licos"},"content":{"rendered":"\t\t<div data-elementor-type=\"wp-page\" data-elementor-id=\"1843\" class=\"elementor elementor-1843\" data-elementor-post-type=\"page\">\n\t\t\t\t<div class=\"elementor-element elementor-element-30a49b2 e-flex e-con-boxed e-con e-parent\" data-id=\"30a49b2\" data-element_type=\"container\" data-e-type=\"container\" data-settings=\"{&quot;background_background&quot;:&quot;classic&quot;}\">\n\t\t\t\t\t<div class=\"e-con-inner\">\n\t\t\t\t<div class=\"elementor-element elementor-element-d16f86c elementor-widget elementor-widget-heading\" data-id=\"d16f86c\" data-element_type=\"widget\" data-e-type=\"widget\" data-widget_type=\"heading.default\">\n\t\t\t\t\t<h1 class=\"elementor-heading-title elementor-size-default\">Evaluaci\u00f3n ambiental de parques e\u00f3licos<\/h1>\t\t\t\t<\/div>\n\t\t\t\t<div class=\"elementor-element elementor-element-71ab252 elementor-widget elementor-widget-heading\" data-id=\"71ab252\" data-element_type=\"widget\" data-e-type=\"widget\" data-widget_type=\"heading.default\">\n\t\t\t\t\t<h2 class=\"elementor-heading-title elementor-size-default\">Soluciones ambientales para la implantaci\u00f3n de energ\u00eda e\u00f3lica<\/h2>\t\t\t\t<\/div>\n\t\t\t\t<div class=\"elementor-element elementor-element-0e44f15 elementor-align-center elementor-widget__width-initial elementor-widget elementor-widget-breadcrumbs\" data-id=\"0e44f15\" data-element_type=\"widget\" data-e-type=\"widget\" data-widget_type=\"breadcrumbs.default\">\n\t\t\t\t<div class=\"elementor-widget-container\">\n\t\t\t\t\t<nav aria-label=\"breadcrumbs\" class=\"rank-math-breadcrumb\"><p><span class=\"last\">Home<\/span><\/p><\/nav>\t\t\t\t<\/div>\n\t\t\t\t<\/div>\n\t\t\t\t\t<\/div>\n\t\t\t\t<\/div>\n\t\t<div class=\"elementor-element elementor-element-d428caa e-flex e-con-boxed e-con e-parent\" data-id=\"d428caa\" data-element_type=\"container\" data-e-type=\"container\">\n\t\t\t\t\t<div class=\"e-con-inner\">\n\t\t\t\t<div class=\"elementor-element elementor-element-9d38bfd elementor-widget elementor-widget-text-editor\" data-id=\"9d38bfd\" data-element_type=\"widget\" data-e-type=\"widget\" data-widget_type=\"text-editor.default\">\n\t\t\t\t\t\t\t\t\t<p>En TAXUS MEDIO AMBIENTE trabajamos junto a promotores de energ\u00eda e\u00f3lica para integrar sus proyectos en el territorio con todas las garant\u00edas ambientales. Colaboramos en todas las fases del proyecto: tramitaci\u00f3n, construcci\u00f3n y seguimiento ambiental.<br \/>Nuestro equipo ofrece un enfoque t\u00e9cnico y multidisciplinar que abarca desde el an\u00e1lisis ambiental previo hasta la vigilancia ambiental de obra, contribuyendo a que los proyectos e\u00f3licos se desarrollen de forma sostenible y conforme a la normativa vigente.<br \/>Nuestra amplia experiencia en proyectos e\u00f3licos nos ha permitido desarrollar numerosas metodolog\u00edas en el campo de la conservaci\u00f3n de la fauna y la implementaci\u00f3n de modelos de predicci\u00f3n y c\u00e1lculo de los \u00edndices de riesgo de colisi\u00f3n espec\u00edfico para aves y murci\u00e9lagos.<\/p>\t\t\t\t\t\t\t\t<\/div>\n\t\t\t\t\t<\/div>\n\t\t\t\t<\/div>\n\t\t<div class=\"elementor-element elementor-element-32182b1 e-flex e-con-boxed e-con e-parent\" data-id=\"32182b1\" data-element_type=\"container\" data-e-type=\"container\" data-settings=\"{&quot;background_background&quot;:&quot;classic&quot;}\">\n\t\t\t\t\t<div class=\"e-con-inner\">\n\t\t<div class=\"elementor-element elementor-element-3ffc9d9 e-con-full e-flex e-con e-child\" data-id=\"3ffc9d9\" data-element_type=\"container\" data-e-type=\"container\" data-settings=\"{&quot;background_background&quot;:&quot;classic&quot;}\">\n\t\t\t\t<\/div>\n\t\t<div class=\"elementor-element elementor-element-db6d2ba e-con-full e-flex e-con e-child\" data-id=\"db6d2ba\" data-element_type=\"container\" data-e-type=\"container\" data-settings=\"{&quot;background_background&quot;:&quot;classic&quot;}\">\n\t\t\t\t<div class=\"elementor-element elementor-element-188d43f elementor-widget elementor-widget-heading\" data-id=\"188d43f\" data-element_type=\"widget\" data-e-type=\"widget\" data-widget_type=\"heading.default\">\n\t\t\t\t\t<h3 class=\"elementor-heading-title elementor-size-default\">\u00bfC\u00f3mo te podemos ayudar?<\/h3>\t\t\t\t<\/div>\n\t\t\t\t<div class=\"elementor-element elementor-element-7d0c157 elementor-widget elementor-widget-text-editor\" data-id=\"7d0c157\" data-element_type=\"widget\" data-e-type=\"widget\" data-widget_type=\"text-editor.default\">\n\t\t\t\t\t\t\t\t\t<p><strong>Entre nuestros servicios m\u00e1s destacados se encuentran:<\/strong><\/p><ul><li>Estudios de Impacto Ambiental.<\/li><li>Dise\u00f1o de planes de Vigilancia Ambiental Espec\u00edficos.<\/li><li>Estudios previos de avifauna y quir\u00f3pteros.<\/li><li>Estudios sobre colisiones: determinaci\u00f3n de tasas de desaparici\u00f3n de cad\u00e1veres y tasas de detectabilidad.<\/li><li>Estudios de los efectos del parpadeo intermitente o Flicker Effect.<\/li><li>Estudios t\u00e9cnicos caso por caso sobre las mejores medidas preventivas y correctoras a implementar en parques e\u00f3licos.<\/li><li>An\u00e1lisis comparativo de alternativas coste\/beneficio en la instalaci\u00f3n de radares, dispositivos disuasorios o empleo de personal de campo especializado.<\/li><li>Monitoreo y seguimiento de la fauna, instalaci\u00f3n de radares y dispositivos de disuasi\u00f3n.<\/li><li>Estudio de Afecciones sobre la Red Natura 2000.<\/li><li>Estudios sobre el efecto barrera, fragmentaci\u00f3n del h\u00e1bitat y p\u00e9rdida de conectividad ecol\u00f3gica.<\/li><li>Desarrollo y aplicaci\u00f3n de modelos matem\u00e1ticos para el c\u00e1lculo de \u00edndices de Riesgo de Colisi\u00f3n Espec\u00edfico (SRIs) en aves y quir\u00f3pteros.<\/li><li>Estudios sobre Efectos Acumulativos y Sin\u00e9rgicos.<\/li><li>Simulaciones de Ruido Ambiental.<\/li><li>Estudios de Impacto Paisaj\u00edstico y c\u00e1lculo de cuencas visuales.<\/li><li>Modelizaciones, infograf\u00edas y v\u00eddeo 3D.<\/li><li>Estudios arqueol\u00f3gicos.<\/li><li>Gesti\u00f3n y minimizaci\u00f3n de residuos.<\/li><li>C\u00e1lculo de la huella de carbono asociada a un parque e\u00f3lico.<\/li><li>Certificaciones de Sistemas de Gesti\u00f3n Ambiental en parques e\u00f3licos.<\/li><li>Direcci\u00f3n Ambiental de Obra.<\/li><\/ul>\t\t\t\t\t\t\t\t<\/div>\n\t\t\t\t<\/div>\n\t\t\t\t\t<\/div>\n\t\t\t\t<\/div>\n\t\t<div class=\"elementor-element elementor-element-760e8cf e-flex e-con-boxed e-con e-parent\" data-id=\"760e8cf\" data-element_type=\"container\" data-e-type=\"container\">\n\t\t\t\t\t<div class=\"e-con-inner\">\n\t\t<div class=\"elementor-element elementor-element-df8193a e-con-full e-flex elementor-invisible e-con e-child\" data-id=\"df8193a\" data-element_type=\"container\" data-e-type=\"container\" data-settings=\"{&quot;animation&quot;:&quot;fadeInUp&quot;}\">\n\t\t\t\t<div class=\"elementor-element elementor-element-0eab574 elementor-widget__width-initial elementor-widget elementor-widget-heading\" data-id=\"0eab574\" data-element_type=\"widget\" data-e-type=\"widget\" data-widget_type=\"heading.default\">\n\t\t\t\t\t<h2 class=\"elementor-heading-title elementor-size-default\">\u00bfPor qu\u00e9 elegir <strong>TAXUS<\/strong> para proyectos e\u00f3licos?<\/h2>\t\t\t\t<\/div>\n\t\t\t\t<div class=\"elementor-element elementor-element-674acf6 elementor-widget elementor-widget-button\" data-id=\"674acf6\" data-element_type=\"widget\" data-e-type=\"widget\" data-widget_type=\"button.default\">\n\t\t\t\t\t\t\t\t\t\t<a class=\"elementor-button elementor-button-link elementor-size-sm\" href=\"https:\/\/taxusmedioambiente.com\/evaluacion-ambiental-biodiversidad\/\">\n\t\t\t\t\t\t<span class=\"elementor-button-content-wrapper\">\n\t\t\t\t\t\t\t\t\t<span class=\"elementor-button-text\">Ver m\u00e1s servicios<\/span>\n\t\t\t\t\t<\/span>\n\t\t\t\t\t<\/a>\n\t\t\t\t\t\t\t\t<\/div>\n\t\t\t\t<\/div>\n\t\t<div class=\"elementor-element elementor-element-707f383 e-con-full e-flex elementor-invisible e-con e-child\" data-id=\"707f383\" data-element_type=\"container\" data-e-type=\"container\" data-settings=\"{&quot;animation&quot;:&quot;fadeInUp&quot;}\">\n\t\t\t\t<div class=\"elementor-element elementor-element-2bff9a7 elementor-widget elementor-widget-text-editor\" data-id=\"2bff9a7\" data-element_type=\"widget\" data-e-type=\"widget\" data-widget_type=\"text-editor.default\">\n\t\t\t\t\t\t\t\t\t<ul><li>Amplia experiencia en proyectos e\u00f3licos en distintas comunidades aut\u00f3nomas.<\/li><li>Conocimiento de los criterios t\u00e9cnicos y normativos espec\u00edficos del sector.<\/li><li>Coordinaci\u00f3n fluida con promotores, ingenier\u00edas y administraciones.<\/li><li>Uso de tecnolog\u00eda especializada para estudios de fauna y paisaje.<\/li><li>Compromiso con la sostenibilidad y la compatibilidad ambiental del desarrollo energ\u00e9tico.<\/li><\/ul>\t\t\t\t\t\t\t\t<\/div>\n\t\t\t\t<\/div>\n\t\t\t\t\t<\/div>\n\t\t\t\t<\/div>\n\t\t<div class=\"elementor-element elementor-element-b8cc3aa e-flex e-con-boxed e-con e-parent\" data-id=\"b8cc3aa\" data-element_type=\"container\" data-e-type=\"container\">\n\t\t\t\t\t<div class=\"e-con-inner\">\n\t\t\t\t<div class=\"elementor-element elementor-element-b01b821 elementor-widget elementor-widget-template\" data-id=\"b01b821\" data-element_type=\"widget\" data-e-type=\"widget\" data-widget_type=\"template.default\">\n\t\t\t\t<div class=\"elementor-widget-container\">\n\t\t\t\t\t\t\t<div class=\"elementor-template\">\n\t\t\t\t\t<div data-elementor-type=\"container\" data-elementor-id=\"13067\" class=\"elementor elementor-13067 elementor-8639 elementor-8639\" data-elementor-post-type=\"elementor_library\">\n\t\t\t\t<div class=\"elementor-element elementor-element-59b2f8ab e-flex e-con-boxed elementor-invisible e-con e-parent\" data-id=\"59b2f8ab\" data-element_type=\"container\" data-e-type=\"container\" data-settings=\"{&quot;animation&quot;:&quot;fadeInUp&quot;}\">\n\t\t\t\t\t<div class=\"e-con-inner\">\n\t\t\t\t<div class=\"elementor-element elementor-element-70a4314f elementor-widget elementor-widget-heading\" data-id=\"70a4314f\" data-element_type=\"widget\" data-e-type=\"widget\" data-settings=\"{&quot;_animation&quot;:&quot;none&quot;}\" data-widget_type=\"heading.default\">\n\t\t\t\t\t<h3 class=\"elementor-heading-title elementor-size-default\">Latest related projects<\/h3>\t\t\t\t<\/div>\n\t\t\t\t<div class=\"elementor-element elementor-element-586e6b8 elementor-widget elementor-widget-jet-listing-grid\" data-id=\"586e6b8\" data-element_type=\"widget\" data-e-type=\"widget\" data-settings=\"{&quot;columns_tablet&quot;:&quot;2&quot;,&quot;columns_mobile&quot;:&quot;1&quot;,&quot;columns&quot;:3}\" data-widget_type=\"jet-listing-grid.default\">\n\t\t\t\t\t<div class=\"jet-listing-grid jet-listing\"><div class=\"jet-listing-not-found jet-listing-grid__items\" data-nav=\"{&quot;enabled&quot;:false,&quot;type&quot;:null,&quot;more_el&quot;:null,&quot;query&quot;:[],&quot;widget_settings&quot;:{&quot;lisitng_id&quot;:9357,&quot;posts_num&quot;:3,&quot;columns&quot;:3,&quot;columns_tablet&quot;:2,&quot;columns_mobile&quot;:1,&quot;column_min_width&quot;:240,&quot;column_min_width_tablet&quot;:240,&quot;column_min_width_mobile&quot;:240,&quot;inline_columns_css&quot;:false,&quot;is_archive_template&quot;:&quot;&quot;,&quot;post_status&quot;:[&quot;publish&quot;],&quot;use_random_posts_num&quot;:&quot;&quot;,&quot;max_posts_num&quot;:9,&quot;not_found_message&quot;:&quot;There are no entries in this category&quot;,&quot;is_masonry&quot;:false,&quot;equal_columns_height&quot;:&quot;yes&quot;,&quot;use_load_more&quot;:&quot;&quot;,&quot;load_more_id&quot;:&quot;&quot;,&quot;load_more_type&quot;:&quot;click&quot;,&quot;load_more_offset&quot;:null,&quot;use_custom_post_types&quot;:&quot;&quot;,&quot;custom_post_types&quot;:[],&quot;hide_widget_if&quot;:&quot;&quot;,&quot;carousel_enabled&quot;:&quot;yes&quot;,&quot;slides_to_scroll&quot;:&quot;1&quot;,&quot;arrows&quot;:&quot;true&quot;,&quot;arrow_icon&quot;:&quot;fa fa-angle-left&quot;,&quot;dots&quot;:&quot;&quot;,&quot;autoplay&quot;:&quot;true&quot;,&quot;pause_on_hover&quot;:&quot;true&quot;,&quot;autoplay_speed&quot;:5000,&quot;infinite&quot;:&quot;true&quot;,&quot;center_mode&quot;:&quot;&quot;,&quot;effect&quot;:&quot;slide&quot;,&quot;speed&quot;:500,&quot;inject_alternative_items&quot;:&quot;&quot;,&quot;injection_items&quot;:[],&quot;scroll_slider_enabled&quot;:&quot;&quot;,&quot;scroll_slider_on&quot;:[&quot;desktop&quot;,&quot;tablet&quot;,&quot;mobile&quot;],&quot;custom_query&quot;:false,&quot;custom_query_id&quot;:&quot;&quot;,&quot;_element_id&quot;:&quot;&quot;,&quot;collapse_first_last_gap&quot;:false,&quot;list_tag_selection&quot;:&quot;&quot;,&quot;list_items_wrapper_tag&quot;:&quot;div&quot;,&quot;list_item_tag&quot;:&quot;div&quot;,&quot;empty_items_wrapper_tag&quot;:&quot;div&quot;}}\" data-listing-source=\"posts\" data-listing-id=\"9357\" data-query-id=\"\" data-queried-id=\"1843|WP_Post\">There are no entries in this category<\/div><\/div>\t\t\t\t<\/div>\n\t\t\t\t\t<\/div>\n\t\t\t\t<\/div>\n\t\t\t\t<\/div>\n\t\t\t\t<\/div>\n\t\t\t\t\t\t<\/div>\n\t\t\t\t<\/div>\n\t\t\t\t\t<\/div>\n\t\t\t\t<\/div>\n\t\t\t\t<\/div>\n\t\t","protected":false},"excerpt":{"rendered":"<p>Evaluaci\u00f3n ambiental de parques e\u00f3licos Soluciones ambientales para la implantaci\u00f3n de energ\u00eda e\u00f3lica Inicio En TAXUS MEDIO AMBIENTE trabajamos junto [&hellip;]<\/p>\n","protected":false},"author":1,"featured_media":0,"parent":196,"menu_order":0,"comment_status":"closed","ping_status":"closed","template":"","meta":{"_acf_changed":false,"site-sidebar-layout":"no-sidebar","site-content-layout":"","ast-site-content-layout":"full-width-container","site-content-style":"default","site-sidebar-style":"default","ast-global-header-display":"","ast-banner-title-visibility":"","ast-main-header-display":"","ast-hfb-above-header-display":"","ast-hfb-below-header-display":"","ast-hfb-mobile-header-display":"","site-post-title":"disabled","ast-breadcrumbs-content":"","ast-featured-img":"disabled","footer-sml-layout":"","ast-disable-related-posts":"","theme-transparent-header-meta":"","adv-header-id-meta":"","stick-header-meta":"","header-above-stick-meta":"","header-main-stick-meta":"","header-below-stick-meta":"","astra-migrate-meta-layouts":"default","ast-page-background-enabled":"default","ast-page-background-meta":{"desktop":{"background-color":"var(--ast-global-color-5)","background-image":"","background-repeat":"repeat","background-position":"center center","background-size":"auto","background-attachment":"scroll","background-type":"","background-media":"","overlay-type":"","overlay-color":"","overlay-opacity":"","overlay-gradient":""},"tablet":{"background-color":"","background-image":"","background-repeat":"repeat","background-position":"center center","background-size":"auto","background-attachment":"scroll","background-type":"","background-media":"","overlay-type":"","overlay-color":"","overlay-opacity":"","overlay-gradient":""},"mobile":{"background-color":"","background-image":"","background-repeat":"repeat","background-position":"center center","background-size":"auto","background-attachment":"scroll","background-type":"","background-media":"","overlay-type":"","overlay-color":"","overlay-opacity":"","overlay-gradient":""}},"ast-content-background-meta":{"desktop":{"background-color":"var(--ast-global-color-4)","background-image":"","background-repeat":"repeat","background-position":"center center","background-size":"auto","background-attachment":"scroll","background-type":"","background-media":"","overlay-type":"","overlay-color":"","overlay-opacity":"","overlay-gradient":""},"tablet":{"background-color":"var(--ast-global-color-4)","background-image":"","background-repeat":"repeat","background-position":"center center","background-size":"auto","background-attachment":"scroll","background-type":"","background-media":"","overlay-type":"","overlay-color":"","overlay-opacity":"","overlay-gradient":""},"mobile":{"background-color":"var(--ast-global-color-4)","background-image":"","background-repeat":"repeat","background-position":"center center","background-size":"auto","background-attachment":"scroll","background-type":"","background-media":"","overlay-type":"","overlay-color":"","overlay-opacity":"","overlay-gradient":""}},"footnotes":""},"class_list":["post-1843","page","type-page","status-publish","hentry"],"acf":[],"_links":{"self":[{"href":"https:\/\/taxusmedioambiente.com\/en\/wp-json\/wp\/v2\/pages\/1843","targetHints":{"allow":["GET"]}}],"collection":[{"href":"https:\/\/taxusmedioambiente.com\/en\/wp-json\/wp\/v2\/pages"}],"about":[{"href":"https:\/\/taxusmedioambiente.com\/en\/wp-json\/wp\/v2\/types\/page"}],"author":[{"embeddable":true,"href":"https:\/\/taxusmedioambiente.com\/en\/wp-json\/wp\/v2\/users\/1"}],"replies":[{"embeddable":true,"href":"https:\/\/taxusmedioambiente.com\/en\/wp-json\/wp\/v2\/comments?post=1843"}],"version-history":[{"count":12,"href":"https:\/\/taxusmedioambiente.com\/en\/wp-json\/wp\/v2\/pages\/1843\/revisions"}],"predecessor-version":[{"id":12821,"href":"https:\/\/taxusmedioambiente.com\/en\/wp-json\/wp\/v2\/pages\/1843\/revisions\/12821"}],"up":[{"embeddable":true,"href":"https:\/\/taxusmedioambiente.com\/en\/wp-json\/wp\/v2\/pages\/196"}],"wp:attachment":[{"href":"https:\/\/taxusmedioambiente.com\/en\/wp-json\/wp\/v2\/media?parent=1843"}],"curies":[{"name":"wp","href":"https:\/\/api.w.org\/{rel}","templated":true}]}}