{"id":4965,"date":"2024-04-03T18:58:38","date_gmt":"2024-04-03T16:58:38","guid":{"rendered":"https:\/\/taxusmedioambiente.com\/laboratory-and-environmental-dna\/"},"modified":"2026-03-23T11:07:05","modified_gmt":"2026-03-23T10:07:05","slug":"laboratory-and-environmental-dna","status":"publish","type":"page","link":"https:\/\/taxusmedioambiente.com\/en\/laboratory-and-environmental-dna\/","title":{"rendered":"Laboratory and Environmental DNA"},"content":{"rendered":"\t\t<div data-elementor-type=\"wp-page\" data-elementor-id=\"4965\" class=\"elementor elementor-4965 elementor-162\" data-elementor-post-type=\"page\">\n\t\t\t\t<div class=\"elementor-element elementor-element-3301d9f e-flex e-con-boxed e-con e-parent\" data-id=\"3301d9f\" data-element_type=\"container\" data-e-type=\"container\" data-settings=\"{&quot;background_background&quot;:&quot;classic&quot;}\">\n\t\t\t\t\t<div class=\"e-con-inner\">\n\t\t\t\t<div class=\"elementor-element elementor-element-94c1b49 elementor-widget elementor-widget-heading\" data-id=\"94c1b49\" data-element_type=\"widget\" data-e-type=\"widget\" data-widget_type=\"heading.default\">\n\t\t\t\t\t<h1 class=\"elementor-heading-title elementor-size-default\">Genetics and environmental laboratory<\/h1>\t\t\t\t<\/div>\n\t\t\t\t<div class=\"elementor-element elementor-element-c6cff0c elementor-widget elementor-widget-heading\" data-id=\"c6cff0c\" data-element_type=\"widget\" data-e-type=\"widget\" data-widget_type=\"heading.default\">\n\t\t\t\t\t<h2 class=\"elementor-heading-title elementor-size-default\">Identification, analysis, sampling and calculation services<\/h2>\t\t\t\t<\/div>\n\t\t\t\t<div class=\"elementor-element elementor-element-61f11e6 elementor-align-center elementor-widget__width-initial elementor-widget elementor-widget-breadcrumbs\" data-id=\"61f11e6\" data-element_type=\"widget\" data-e-type=\"widget\" data-widget_type=\"breadcrumbs.default\">\n\t\t\t\t<div class=\"elementor-widget-container\">\n\t\t\t\t\t<nav aria-label=\"breadcrumbs\" class=\"rank-math-breadcrumb\"><p><span class=\"last\">Home<\/span><\/p><\/nav>\t\t\t\t<\/div>\n\t\t\t\t<\/div>\n\t\t\t\t\t<\/div>\n\t\t\t\t<\/div>\n\t\t<div class=\"elementor-element elementor-element-73bca9f e-flex e-con-boxed elementor-invisible e-con e-parent\" data-id=\"73bca9f\" data-element_type=\"container\" data-e-type=\"container\" data-settings=\"{&quot;animation&quot;:&quot;fadeInUp&quot;}\">\n\t\t\t\t\t<div class=\"e-con-inner\">\n\t\t\t\t<div class=\"elementor-element elementor-element-37d54dc elementor-widget elementor-widget-spacer\" data-id=\"37d54dc\" data-element_type=\"widget\" data-e-type=\"widget\" data-widget_type=\"spacer.default\">\n\t\t\t\t\t\t\t<div class=\"elementor-spacer\">\n\t\t\t<div class=\"elementor-spacer-inner\"><\/div>\n\t\t<\/div>\n\t\t\t\t\t\t<\/div>\n\t\t\t\t\t<\/div>\n\t\t\t\t<\/div>\n\t\t<div class=\"elementor-element elementor-element-e55bbc6 e-flex e-con-boxed e-con e-parent\" data-id=\"e55bbc6\" data-element_type=\"container\" data-e-type=\"container\" data-settings=\"{&quot;background_background&quot;:&quot;classic&quot;}\">\n\t\t\t\t\t<div class=\"e-con-inner\">\n\t\t<div class=\"elementor-element elementor-element-b719027 e-con-full e-flex e-con e-child\" data-id=\"b719027\" data-element_type=\"container\" data-e-type=\"container\" data-settings=\"{&quot;background_background&quot;:&quot;classic&quot;}\">\n\t\t\t\t<\/div>\n\t\t<div class=\"elementor-element elementor-element-2a555ef e-con-full e-flex e-con e-child\" data-id=\"2a555ef\" data-element_type=\"container\" data-e-type=\"container\" data-settings=\"{&quot;background_background&quot;:&quot;classic&quot;}\">\n\t\t\t\t<div class=\"elementor-element elementor-element-318fcd5 elementor-widget elementor-widget-heading\" data-id=\"318fcd5\" data-element_type=\"widget\" data-e-type=\"widget\" data-widget_type=\"heading.default\">\n\t\t\t\t\t<h3 class=\"elementor-heading-title elementor-size-default\">Laboratory and environmental genetics for data-driven decision making<\/h3>\t\t\t\t<\/div>\n\t\t\t\t<div class=\"elementor-element elementor-element-b156235 elementor-widget elementor-widget-text-editor\" data-id=\"b156235\" data-element_type=\"widget\" data-e-type=\"widget\" data-widget_type=\"text-editor.default\">\n\t\t\t\t\t\t\t\t\tAt TAXUS we combine biological, physicochemical and genetic analyses to rigorously assess the status of water bodies and biodiversity. We integrate expert sampling, taxonomy with advanced microscopy, calculation of official indices (DMA) and environmental DNA technologies, barcoding, metabarcoding and population genetics. We deliver traceable and actionable results that support diagnoses, procedures and management plans.\t\t\t\t\t\t\t\t<\/div>\n\t\t\t\t<\/div>\n\t\t\t\t\t<\/div>\n\t\t\t\t<\/div>\n\t\t<div class=\"elementor-element elementor-element-fc11afa e-flex e-con-boxed elementor-invisible e-con e-parent\" data-id=\"fc11afa\" data-element_type=\"container\" data-e-type=\"container\" data-settings=\"{&quot;animation&quot;:&quot;fadeInUp&quot;}\">\n\t\t\t\t\t<div class=\"e-con-inner\">\n\t\t\t\t<div class=\"elementor-element elementor-element-abc8eab elementor-widget elementor-widget-spacer\" data-id=\"abc8eab\" data-element_type=\"widget\" data-e-type=\"widget\" data-widget_type=\"spacer.default\">\n\t\t\t\t\t\t\t<div class=\"elementor-spacer\">\n\t\t\t<div class=\"elementor-spacer-inner\"><\/div>\n\t\t<\/div>\n\t\t\t\t\t\t<\/div>\n\t\t\t\t\t<\/div>\n\t\t\t\t<\/div>\n\t\t<div class=\"elementor-element elementor-element-2b34202 e-flex e-con-boxed e-con e-parent\" data-id=\"2b34202\" data-element_type=\"container\" data-e-type=\"container\" data-settings=\"{&quot;background_background&quot;:&quot;classic&quot;}\">\n\t\t\t\t\t<div class=\"e-con-inner\">\n\t\t\t\t<div class=\"elementor-element elementor-element-319dc90 elementor-widget__width-initial elementor-widget elementor-widget-heading\" data-id=\"319dc90\" data-element_type=\"widget\" data-e-type=\"widget\" data-widget_type=\"heading.default\">\n\t\t\t\t\t<h2 class=\"elementor-heading-title elementor-size-default\">What do we do in <strong>laboratory and environmental genetics<\/strong>?<\/h2>\t\t\t\t<\/div>\n\t\t\t\t<div class=\"elementor-element elementor-element-cf4af8a elementor-widget elementor-widget-text-editor\" data-id=\"cf4af8a\" data-element_type=\"widget\" data-e-type=\"widget\" data-widget_type=\"text-editor.default\">\n\t\t\t\t\t\t\t\t\t<p>We perform taxonomic sampling and analysis (phytoplankton, zooplankton, macroinvertebrates, macrophytes, diatoms, ichthyofauna), physicochemical characterization in situ and in the laboratory, calculation of ecological indices (rivers, reservoirs, coasts), non-invasive detection by environmental DNA (threatened and invasive), genetic identification (barcoding), massive biodiversity analysis (metabarcoding) and population genetics studies (SNPs\/microsatellites). All this with standardized protocols, proprietary bioinformatics and delivery oriented to EIA, ecological monitoring and conservation.<\/p>\t\t\t\t\t\t\t\t<\/div>\n\t\t\t\t\t<\/div>\n\t\t\t\t<\/div>\n\t\t<div class=\"elementor-element elementor-element-7fdc42dd e-flex e-con-boxed e-con e-parent\" data-id=\"7fdc42dd\" data-element_type=\"container\" data-e-type=\"container\" data-settings=\"{&quot;background_background&quot;:&quot;classic&quot;}\">\n\t\t\t\t\t<div class=\"e-con-inner\">\n\t\t<div class=\"elementor-element elementor-element-4ced446a e-con-full e-flex elementor-invisible e-con e-child\" data-id=\"4ced446a\" data-element_type=\"container\" data-e-type=\"container\" data-settings=\"{&quot;background_background&quot;:&quot;classic&quot;,&quot;animation&quot;:&quot;fadeInUp&quot;}\">\n\t\t\t\t<div class=\"elementor-element elementor-element-75663aa6 elementor-position-top elementor-widget elementor-widget-image-box\" data-id=\"75663aa6\" data-element_type=\"widget\" data-e-type=\"widget\" data-widget_type=\"image-box.default\">\n\t\t\t\t\t<div class=\"elementor-image-box-wrapper\"><figure class=\"elementor-image-box-img\"><a href=\"https:\/\/taxusmedioambiente.com\/en\/project-invadn-industrial-research-for-the-validation-of-the-use-of-environmental-dna-based-techniques-for-the-detection-of-aquatic-invasive-species\/\" tabindex=\"-1\"><img decoding=\"async\" width=\"41\" height=\"130\" src=\"https:\/\/taxusmedioambiente.com\/wp-content\/uploads\/2024\/02\/icono-servicio-de-deteccion-y-seguimiento.png\" class=\"attachment-full size-full wp-image-4190\" alt=\"Servicio de Detecci\u00f3n y Seguimiento Espacio\/Temporal de Especies Acu\u00e1ticas mediante ADN medio ambiental\" \/><\/a><\/figure><div class=\"elementor-image-box-content\"><span class=\"elementor-image-box-title\"><a href=\"https:\/\/taxusmedioambiente.com\/en\/project-invadn-industrial-research-for-the-validation-of-the-use-of-environmental-dna-based-techniques-for-the-detection-of-aquatic-invasive-species\/\">Spatial\/Temporal Detection and Monitoring Service of Aquatic Species using environmental DNA<\/a><\/span><\/div><\/div>\t\t\t\t<\/div>\n\t\t\t\t<\/div>\n\t\t<div class=\"elementor-element elementor-element-225758a0 e-con-full e-flex elementor-invisible e-con e-child\" data-id=\"225758a0\" data-element_type=\"container\" data-e-type=\"container\" data-settings=\"{&quot;background_background&quot;:&quot;classic&quot;,&quot;animation&quot;:&quot;fadeInUp&quot;}\">\n\t\t\t\t<div class=\"elementor-element elementor-element-159ea106 elementor-position-top elementor-widget elementor-widget-image-box\" data-id=\"159ea106\" data-element_type=\"widget\" data-e-type=\"widget\" data-widget_type=\"image-box.default\">\n\t\t\t\t\t<div class=\"elementor-image-box-wrapper\"><figure class=\"elementor-image-box-img\"><a href=\"https:\/\/taxusmedioambiente.com\/en\/laboratory-and-environmental-dna\/genetic-identification-service-barcoding\/\" tabindex=\"-1\"><img decoding=\"async\" width=\"65\" height=\"130\" src=\"https:\/\/taxusmedioambiente.com\/wp-content\/uploads\/2024\/02\/icono-servicio-de-identificacion-genetica.png\" class=\"attachment-full size-full wp-image-4191\" alt=\"Servicio de Identificaci\u00f3n Gen\u00e9tica de Especies (Barcoding)\" \/><\/a><\/figure><div class=\"elementor-image-box-content\"><span class=\"elementor-image-box-title\"><a href=\"https:\/\/taxusmedioambiente.com\/en\/laboratory-and-environmental-dna\/genetic-identification-service-barcoding\/\">Genetic Identification Service: Barcoding<\/a><\/span><\/div><\/div>\t\t\t\t<\/div>\n\t\t\t\t<\/div>\n\t\t<div class=\"elementor-element elementor-element-4a07c44 e-con-full e-flex elementor-invisible e-con e-child\" data-id=\"4a07c44\" data-element_type=\"container\" data-e-type=\"container\" data-settings=\"{&quot;background_background&quot;:&quot;classic&quot;,&quot;animation&quot;:&quot;fadeInUp&quot;}\">\n\t\t\t\t<div class=\"elementor-element elementor-element-3b5645bc elementor-position-top elementor-widget elementor-widget-image-box\" data-id=\"3b5645bc\" data-element_type=\"widget\" data-e-type=\"widget\" data-widget_type=\"image-box.default\">\n\t\t\t\t\t<div class=\"elementor-image-box-wrapper\"><figure class=\"elementor-image-box-img\"><a href=\"https:\/\/taxusmedioambiente.com\/en\/laboratory-and-environmental-dna\/biodiversity-analysis-service-metabarcoding\/\" tabindex=\"-1\"><img decoding=\"async\" width=\"130\" height=\"130\" src=\"https:\/\/taxusmedioambiente.com\/wp-content\/uploads\/2026\/03\/icono-metabarcoding.png\" class=\"attachment-full size-full wp-image-14070\" alt=\"Servicio de An\u00e1lisis de Biodiversidad (Metabarcoding)\" \/><\/a><\/figure><div class=\"elementor-image-box-content\"><span class=\"elementor-image-box-title\"><a href=\"https:\/\/taxusmedioambiente.com\/en\/laboratory-and-environmental-dna\/biodiversity-analysis-service-metabarcoding\/\">Biodiversity Analysis Service: Metabarcoding<\/a><\/span><\/div><\/div>\t\t\t\t<\/div>\n\t\t\t\t<\/div>\n\t\t<div class=\"elementor-element elementor-element-25c0fcd3 e-con-full e-flex elementor-invisible e-con e-child\" data-id=\"25c0fcd3\" data-element_type=\"container\" data-e-type=\"container\" data-settings=\"{&quot;background_background&quot;:&quot;classic&quot;,&quot;animation&quot;:&quot;fadeInUp&quot;}\">\n\t\t\t\t<div class=\"elementor-element elementor-element-24e094a1 elementor-position-top elementor-widget elementor-widget-image-box\" data-id=\"24e094a1\" data-element_type=\"widget\" data-e-type=\"widget\" data-widget_type=\"image-box.default\">\n\t\t\t\t\t<div class=\"elementor-image-box-wrapper\"><figure class=\"elementor-image-box-img\"><a href=\"https:\/\/taxusmedioambiente.com\/en\/laboratory-and-environmental-dna\/sampling-and-taxonomic-analysis-of-the-biological-quality-elements-in-aquatic-ecosystems-macroinvertabrates-benthon-macrophytes-phytobenthos-benthic-diatoms-ichthyofauna-phyto-and-zooplankton\/\" tabindex=\"-1\"><img loading=\"lazy\" decoding=\"async\" width=\"137\" height=\"130\" src=\"https:\/\/taxusmedioambiente.com\/wp-content\/uploads\/2024\/02\/icono-muestreo-y-analisis-taxonomico.png\" class=\"attachment-full size-full wp-image-4185\" alt=\"Muestreo y An\u00e1lisis taxon\u00f3mico de elementos de calidad biol\u00f3gica de sistemas acu\u00e1ticos\" \/><\/a><\/figure><div class=\"elementor-image-box-content\"><span class=\"elementor-image-box-title\"><a href=\"https:\/\/taxusmedioambiente.com\/en\/laboratory-and-environmental-dna\/sampling-and-taxonomic-analysis-of-the-biological-quality-elements-in-aquatic-ecosystems-macroinvertabrates-benthon-macrophytes-phytobenthos-benthic-diatoms-ichthyofauna-phyto-and-zooplankton\/\">Sampling and Taxonomic Analysis of the Biological Quality Elements in Aquatic Ecosystems<\/a><\/span><\/div><\/div>\t\t\t\t<\/div>\n\t\t\t\t<\/div>\n\t\t\t\t\t<\/div>\n\t\t\t\t<\/div>\n\t\t<div class=\"elementor-element elementor-element-705fd387 e-flex e-con-boxed e-con e-parent\" data-id=\"705fd387\" data-element_type=\"container\" data-e-type=\"container\" data-settings=\"{&quot;background_background&quot;:&quot;classic&quot;}\">\n\t\t\t\t\t<div class=\"e-con-inner\">\n\t\t<div class=\"elementor-element elementor-element-529c709a e-con-full e-flex elementor-invisible e-con e-child\" data-id=\"529c709a\" data-element_type=\"container\" data-e-type=\"container\" data-settings=\"{&quot;background_background&quot;:&quot;classic&quot;,&quot;animation&quot;:&quot;fadeInUp&quot;}\">\n\t\t\t\t<div class=\"elementor-element elementor-element-2b71dd85 elementor-position-top elementor-widget elementor-widget-image-box\" data-id=\"2b71dd85\" data-element_type=\"widget\" data-e-type=\"widget\" data-widget_type=\"image-box.default\">\n\t\t\t\t\t<div class=\"elementor-image-box-wrapper\"><figure class=\"elementor-image-box-img\"><a href=\"https:\/\/taxusmedioambiente.com\/en\/laboratory-and-environmental-dna\/calculations-of-ecological-status-and-potential-indexes\/\" tabindex=\"-1\"><img loading=\"lazy\" decoding=\"async\" width=\"144\" height=\"130\" src=\"https:\/\/taxusmedioambiente.com\/wp-content\/uploads\/2024\/02\/icono-calculo-de-indices-de-estado.png\" class=\"attachment-full size-full wp-image-4189\" alt=\"C\u00e1lculo de Indices de Estado y Potencial Ecol\u00f3gico\" \/><\/a><\/figure><div class=\"elementor-image-box-content\"><span class=\"elementor-image-box-title\"><a href=\"https:\/\/taxusmedioambiente.com\/en\/laboratory-and-environmental-dna\/calculations-of-ecological-status-and-potential-indexes\/\">Calculation of Ecological Status and Potential Indexes<\/a><\/span><\/div><\/div>\t\t\t\t<\/div>\n\t\t\t\t<\/div>\n\t\t<div class=\"elementor-element elementor-element-52158ace e-con-full e-flex elementor-invisible e-con e-child\" data-id=\"52158ace\" data-element_type=\"container\" data-e-type=\"container\" data-settings=\"{&quot;background_background&quot;:&quot;classic&quot;,&quot;animation&quot;:&quot;fadeInUp&quot;}\">\n\t\t\t\t<div class=\"elementor-element elementor-element-2c67006d elementor-position-top elementor-widget elementor-widget-image-box\" data-id=\"2c67006d\" data-element_type=\"widget\" data-e-type=\"widget\" data-widget_type=\"image-box.default\">\n\t\t\t\t\t<div class=\"elementor-image-box-wrapper\"><figure class=\"elementor-image-box-img\"><a href=\"https:\/\/taxusmedioambiente.com\/en\/laboratory-and-environmental-dna\/water-analysis-biological-chemical-and-physico-chemical-in-the-laboratory-and-or-in-situ\/\" tabindex=\"-1\"><img loading=\"lazy\" decoding=\"async\" width=\"95\" height=\"130\" src=\"https:\/\/taxusmedioambiente.com\/wp-content\/uploads\/2024\/02\/icono-analisis-de-aguas.png\" class=\"attachment-full size-full wp-image-4187\" alt=\"An\u00e1lisis de Aguas (Biol\u00f3gicos, Qu\u00edmicos y Fisicoqu\u00edmicos) en Laboratorio y\/o &quot;In-situ&quot;\" \/><\/a><\/figure><div class=\"elementor-image-box-content\"><span class=\"elementor-image-box-title\"><a href=\"https:\/\/taxusmedioambiente.com\/en\/laboratory-and-environmental-dna\/water-analysis-biological-chemical-and-physico-chemical-in-the-laboratory-and-or-in-situ\/\">Water Analysis (Biological, Chemical, and Psycho-chemical) in the Laboratory and\/or in situ<\/a><\/span><\/div><\/div>\t\t\t\t<\/div>\n\t\t\t\t<\/div>\n\t\t<div class=\"elementor-element elementor-element-57676c3 e-con-full e-flex elementor-invisible e-con e-child\" data-id=\"57676c3\" data-element_type=\"container\" data-e-type=\"container\" data-settings=\"{&quot;background_background&quot;:&quot;classic&quot;,&quot;animation&quot;:&quot;fadeInUp&quot;}\">\n\t\t\t\t<\/div>\n\t\t<div class=\"elementor-element elementor-element-72a080de e-con-full e-flex elementor-invisible e-con e-child\" data-id=\"72a080de\" data-element_type=\"container\" data-e-type=\"container\" data-settings=\"{&quot;background_background&quot;:&quot;classic&quot;,&quot;animation&quot;:&quot;fadeInUp&quot;}\">\n\t\t\t\t<\/div>\n\t\t\t\t\t<\/div>\n\t\t\t\t<\/div>\n\t\t\t\t<\/div>\n\t\t","protected":false},"excerpt":{"rendered":"<p>Genetics and environmental laboratory Identification, analysis, sampling and calculation services Inicio Laboratory and environmental genetics for data-driven decision making At [&hellip;]<\/p>\n","protected":false},"author":1,"featured_media":5612,"parent":0,"menu_order":0,"comment_status":"closed","ping_status":"closed","template":"","meta":{"_acf_changed":false,"site-sidebar-layout":"no-sidebar","site-content-layout":"","ast-site-content-layout":"full-width-container","site-content-style":"default","site-sidebar-style":"default","ast-global-header-display":"","ast-banner-title-visibility":"","ast-main-header-display":"","ast-hfb-above-header-display":"","ast-hfb-below-header-display":"","ast-hfb-mobile-header-display":"","site-post-title":"disabled","ast-breadcrumbs-content":"","ast-featured-img":"disabled","footer-sml-layout":"","ast-disable-related-posts":"","theme-transparent-header-meta":"","adv-header-id-meta":"","stick-header-meta":"","header-above-stick-meta":"","header-main-stick-meta":"","header-below-stick-meta":"","astra-migrate-meta-layouts":"default","ast-page-background-enabled":"default","ast-page-background-meta":{"desktop":{"background-color":"var(--ast-global-color-5)","background-image":"","background-repeat":"repeat","background-position":"center center","background-size":"auto","background-attachment":"scroll","background-type":"","background-media":"","overlay-type":"","overlay-color":"","overlay-opacity":"","overlay-gradient":""},"tablet":{"background-color":"","background-image":"","background-repeat":"repeat","background-position":"center center","background-size":"auto","background-attachment":"scroll","background-type":"","background-media":"","overlay-type":"","overlay-color":"","overlay-opacity":"","overlay-gradient":""},"mobile":{"background-color":"","background-image":"","background-repeat":"repeat","background-position":"center center","background-size":"auto","background-attachment":"scroll","background-type":"","background-media":"","overlay-type":"","overlay-color":"","overlay-opacity":"","overlay-gradient":""}},"ast-content-background-meta":{"desktop":{"background-color":"var(--ast-global-color-4)","background-image":"","background-repeat":"repeat","background-position":"center center","background-size":"auto","background-attachment":"scroll","background-type":"","background-media":"","overlay-type":"","overlay-color":"","overlay-opacity":"","overlay-gradient":""},"tablet":{"background-color":"var(--ast-global-color-4)","background-image":"","background-repeat":"repeat","background-position":"center center","background-size":"auto","background-attachment":"scroll","background-type":"","background-media":"","overlay-type":"","overlay-color":"","overlay-opacity":"","overlay-gradient":""},"mobile":{"background-color":"var(--ast-global-color-4)","background-image":"","background-repeat":"repeat","background-position":"center center","background-size":"auto","background-attachment":"scroll","background-type":"","background-media":"","overlay-type":"","overlay-color":"","overlay-opacity":"","overlay-gradient":""}},"footnotes":""},"class_list":["post-4965","page","type-page","status-publish","has-post-thumbnail","hentry"],"acf":[],"_links":{"self":[{"href":"https:\/\/taxusmedioambiente.com\/en\/wp-json\/wp\/v2\/pages\/4965","targetHints":{"allow":["GET"]}}],"collection":[{"href":"https:\/\/taxusmedioambiente.com\/en\/wp-json\/wp\/v2\/pages"}],"about":[{"href":"https:\/\/taxusmedioambiente.com\/en\/wp-json\/wp\/v2\/types\/page"}],"author":[{"embeddable":true,"href":"https:\/\/taxusmedioambiente.com\/en\/wp-json\/wp\/v2\/users\/1"}],"replies":[{"embeddable":true,"href":"https:\/\/taxusmedioambiente.com\/en\/wp-json\/wp\/v2\/comments?post=4965"}],"version-history":[{"count":1,"href":"https:\/\/taxusmedioambiente.com\/en\/wp-json\/wp\/v2\/pages\/4965\/revisions"}],"predecessor-version":[{"id":14071,"href":"https:\/\/taxusmedioambiente.com\/en\/wp-json\/wp\/v2\/pages\/4965\/revisions\/14071"}],"wp:featuredmedia":[{"embeddable":true,"href":"https:\/\/taxusmedioambiente.com\/en\/wp-json\/wp\/v2\/media\/5612"}],"wp:attachment":[{"href":"https:\/\/taxusmedioambiente.com\/en\/wp-json\/wp\/v2\/media?parent=4965"}],"curies":[{"name":"wp","href":"https:\/\/api.w.org\/{rel}","templated":true}]}}